{"id":525,"date":"2023-05-23T14:18:19","date_gmt":"2023-05-23T14:18:19","guid":{"rendered":"https:\/\/vswork.cl\/learninggesta\/?page_id=525"},"modified":"2023-06-22T11:37:59","modified_gmt":"2023-06-22T15:37:59","slug":"inicio_gesta","status":"publish","type":"page","link":"https:\/\/vswork.cl\/learninggesta\/inicio_gesta\/","title":{"rendered":"Inicio_GESTA"},"content":{"rendered":"\t\t<div data-elementor-type=\"wp-page\" data-elementor-id=\"525\" class=\"elementor elementor-525\" data-elementor-post-type=\"page\">\n\t\t\t\t\t\t\t\t\t<section data-particle_enable=\"false\" data-particle-mobile-disabled=\"false\" class=\"elementor-section elementor-top-section elementor-element elementor-element-7046cfd elementor-hidden-mobile elementor-section-boxed elementor-section-height-default elementor-section-height-default\" data-id=\"7046cfd\" data-element_type=\"section\" data-settings=\"{&quot;background_background&quot;:&quot;classic&quot;,&quot;sticky&quot;:&quot;top&quot;,&quot;sticky_on&quot;:[&quot;desktop&quot;,&quot;tablet&quot;,&quot;mobile&quot;],&quot;sticky_offset&quot;:0,&quot;sticky_effects_offset&quot;:0}\">\n\t\t\t\t\t\t<div class=\"elementor-container elementor-column-gap-default\">\n\t\t\t\t\t<div class=\"elementor-column elementor-col-50 elementor-top-column elementor-element elementor-element-f93cf29\" data-id=\"f93cf29\" data-element_type=\"column\">\n\t\t\t<div class=\"elementor-widget-wrap elementor-element-populated\">\n\t\t\t\t\t\t\t\t<div class=\"elementor-element elementor-element-7336995 elementor-nav-menu--dropdown-tablet elementor-nav-menu__text-align-aside elementor-nav-menu--toggle elementor-nav-menu--burger elementor-widget elementor-widget-nav-menu\" data-id=\"7336995\" data-element_type=\"widget\" data-settings=\"{&quot;layout&quot;:&quot;horizontal&quot;,&quot;submenu_icon&quot;:{&quot;value&quot;:&quot;&lt;i class=\\&quot;fas fa-caret-down\\&quot;&gt;&lt;\\\/i&gt;&quot;,&quot;library&quot;:&quot;fa-solid&quot;},&quot;toggle&quot;:&quot;burger&quot;}\" data-widget_type=\"nav-menu.default\">\n\t\t\t\t<div class=\"elementor-widget-container\">\n\t\t\t<link rel=\"stylesheet\" href=\"https:\/\/vswork.cl\/learninggesta\/wp-content\/plugins\/elementor-pro\/assets\/css\/widget-nav-menu.min.css\">\t\t\t<nav class=\"elementor-nav-menu--main elementor-nav-menu__container elementor-nav-menu--layout-horizontal e--pointer-underline e--animation-fade\">\n\t\t\t\t<ul id=\"menu-1-7336995\" class=\"elementor-nav-menu\"><li class=\"menu-item menu-item-type-post_type menu-item-object-page menu-item-home menu-item-357\"><a href=\"https:\/\/vswork.cl\/learninggesta\/\" class=\"elementor-item\">Cuestionarios<\/a><\/li>\n<li class=\"nmr-logged-out menu-item menu-item-type-custom menu-item-object-custom menu-item-595\"><a href=\"https:\/\/vswork.cl\/learninggesta\/login-cuestionario\/\" class=\"elementor-item\"><i class=\"fa fa-user\" aria-hidden=\"true\">   Iniciar Sesi\u00f3n<\/i><\/a><\/li>\n<\/ul>\t\t\t<\/nav>\n\t\t\t\t\t<div class=\"elementor-menu-toggle\" role=\"button\" tabindex=\"0\" aria-label=\"Menu Toggle\" aria-expanded=\"false\">\n\t\t\t<i aria-hidden=\"true\" role=\"presentation\" class=\"elementor-menu-toggle__icon--open eicon-menu-bar\"><\/i><i aria-hidden=\"true\" role=\"presentation\" class=\"elementor-menu-toggle__icon--close eicon-close\"><\/i>\t\t\t<span class=\"elementor-screen-only\">Menu<\/span>\n\t\t<\/div>\n\t\t\t\t\t<nav class=\"elementor-nav-menu--dropdown elementor-nav-menu__container\" aria-hidden=\"true\">\n\t\t\t\t<ul id=\"menu-2-7336995\" class=\"elementor-nav-menu\"><li class=\"menu-item menu-item-type-post_type menu-item-object-page menu-item-home menu-item-357\"><a href=\"https:\/\/vswork.cl\/learninggesta\/\" class=\"elementor-item\" tabindex=\"-1\">Cuestionarios<\/a><\/li>\n<li class=\"nmr-logged-out menu-item menu-item-type-custom menu-item-object-custom menu-item-595\"><a href=\"https:\/\/vswork.cl\/learninggesta\/login-cuestionario\/\" class=\"elementor-item\" tabindex=\"-1\"><i class=\"fa fa-user\" aria-hidden=\"true\">   Iniciar Sesi\u00f3n<\/i><\/a><\/li>\n<\/ul>\t\t\t<\/nav>\n\t\t\t\t<\/div>\n\t\t\t\t<\/div>\n\t\t\t\t\t<\/div>\n\t\t<\/div>\n\t\t\t\t<div class=\"elementor-column elementor-col-50 elementor-top-column elementor-element elementor-element-ae1cd64\" data-id=\"ae1cd64\" data-element_type=\"column\" data-settings=\"{&quot;background_background&quot;:&quot;classic&quot;}\">\n\t\t\t<div class=\"elementor-widget-wrap elementor-element-populated\">\n\t\t\t\t\t\t\t\t\t<\/div>\n\t\t<\/div>\n\t\t\t\t\t\t\t<\/div>\n\t\t<\/section>\n\t\t\t\t<section data-particle_enable=\"false\" data-particle-mobile-disabled=\"false\" class=\"elementor-section elementor-top-section elementor-element elementor-element-5e4c139 elementor-section-boxed elementor-section-height-default elementor-section-height-default\" data-id=\"5e4c139\" data-element_type=\"section\">\n\t\t\t\t\t\t<div class=\"elementor-container elementor-column-gap-default\">\n\t\t\t\t\t<div class=\"elementor-column elementor-col-100 elementor-top-column elementor-element elementor-element-7fed1ae\" data-id=\"7fed1ae\" data-element_type=\"column\">\n\t\t\t<div class=\"elementor-widget-wrap elementor-element-populated\">\n\t\t\t\t\t\t\t\t<div class=\"elementor-element elementor-element-d7af919 elementor-widget elementor-widget-spacer\" data-id=\"d7af919\" data-element_type=\"widget\" data-widget_type=\"spacer.default\">\n\t\t\t\t<div class=\"elementor-widget-container\">\n\t\t\t<style>\/*! elementor - v3.16.0 - 12-09-2023 *\/\n.elementor-column .elementor-spacer-inner{height:var(--spacer-size)}.e-con{--container-widget-width:100%}.e-con-inner>.elementor-widget-spacer,.e-con>.elementor-widget-spacer{width:var(--container-widget-width,var(--spacer-size));--align-self:var(--container-widget-align-self,initial);--flex-shrink:0}.e-con-inner>.elementor-widget-spacer>.elementor-widget-container,.e-con>.elementor-widget-spacer>.elementor-widget-container{height:100%;width:100%}.e-con-inner>.elementor-widget-spacer>.elementor-widget-container>.elementor-spacer,.e-con>.elementor-widget-spacer>.elementor-widget-container>.elementor-spacer{height:100%}.e-con-inner>.elementor-widget-spacer>.elementor-widget-container>.elementor-spacer>.elementor-spacer-inner,.e-con>.elementor-widget-spacer>.elementor-widget-container>.elementor-spacer>.elementor-spacer-inner{height:var(--container-widget-height,var(--spacer-size))}.e-con-inner>.elementor-widget-spacer.elementor-widget-empty,.e-con>.elementor-widget-spacer.elementor-widget-empty{position:relative;min-height:22px;min-width:22px}.e-con-inner>.elementor-widget-spacer.elementor-widget-empty .elementor-widget-empty-icon,.e-con>.elementor-widget-spacer.elementor-widget-empty .elementor-widget-empty-icon{position:absolute;top:0;bottom:0;left:0;right:0;margin:auto;padding:0;width:22px;height:22px}<\/style>\t\t<div class=\"elementor-spacer\">\n\t\t\t<div class=\"elementor-spacer-inner\"><\/div>\n\t\t<\/div>\n\t\t\t\t<\/div>\n\t\t\t\t<\/div>\n\t\t\t\t\t<\/div>\n\t\t<\/div>\n\t\t\t\t\t\t\t<\/div>\n\t\t<\/section>\n\t\t\t\t<section data-particle_enable=\"false\" data-particle-mobile-disabled=\"false\" class=\"elementor-section elementor-top-section elementor-element elementor-element-043999f elementor-section-boxed elementor-section-height-default elementor-section-height-default\" data-id=\"043999f\" data-element_type=\"section\">\n\t\t\t\t\t\t<div class=\"elementor-container elementor-column-gap-default\">\n\t\t\t\t\t<div class=\"elementor-column elementor-col-100 elementor-top-column elementor-element elementor-element-529b252\" data-id=\"529b252\" data-element_type=\"column\">\n\t\t\t<div class=\"elementor-widget-wrap elementor-element-populated\">\n\t\t\t\t\t\t\t\t<div class=\"elementor-element elementor-element-f6754e4 elementor-widget elementor-widget-heading\" data-id=\"f6754e4\" data-element_type=\"widget\" data-widget_type=\"heading.default\">\n\t\t\t\t<div class=\"elementor-widget-container\">\n\t\t\t<style>\/*! elementor - v3.16.0 - 12-09-2023 *\/\n.elementor-heading-title{padding:0;margin:0;line-height:1}.elementor-widget-heading .elementor-heading-title[class*=elementor-size-]>a{color:inherit;font-size:inherit;line-height:inherit}.elementor-widget-heading .elementor-heading-title.elementor-size-small{font-size:15px}.elementor-widget-heading .elementor-heading-title.elementor-size-medium{font-size:19px}.elementor-widget-heading .elementor-heading-title.elementor-size-large{font-size:29px}.elementor-widget-heading .elementor-heading-title.elementor-size-xl{font-size:39px}.elementor-widget-heading .elementor-heading-title.elementor-size-xxl{font-size:59px}<\/style><h1 class=\"elementor-heading-title elementor-size-default\">Evaluaciones Reclutamiento y Selecci\u00f3n GESTA<\/h1>\t\t<\/div>\n\t\t\t\t<\/div>\n\t\t\t\t<div class=\"elementor-element elementor-element-d9c31d5 elementor-widget elementor-widget-heading\" data-id=\"d9c31d5\" data-element_type=\"widget\" data-widget_type=\"heading.default\">\n\t\t\t\t<div class=\"elementor-widget-container\">\n\t\t\t<h5 class=\"elementor-heading-title elementor-size-default\">Debes seleccionar el tipo de evaluaci\u00f3n que requieras realizar:<\/h5>\t\t<\/div>\n\t\t\t\t<\/div>\n\t\t\t\t<section data-particle_enable=\"false\" data-particle-mobile-disabled=\"false\" class=\"elementor-section elementor-inner-section elementor-element elementor-element-83c4e3a elementor-section-boxed elementor-section-height-default elementor-section-height-default\" data-id=\"83c4e3a\" data-element_type=\"section\">\n\t\t\t\t\t\t<div class=\"elementor-container elementor-column-gap-default\">\n\t\t\t\t\t<div class=\"elementor-column elementor-col-100 elementor-inner-column elementor-element elementor-element-2ca8b98\" data-id=\"2ca8b98\" data-element_type=\"column\">\n\t\t\t<div class=\"elementor-widget-wrap\">\n\t\t\t\t\t\t\t\t\t<\/div>\n\t\t<\/div>\n\t\t\t\t\t\t\t<\/div>\n\t\t<\/section>\n\t\t\t\t<section data-particle_enable=\"false\" data-particle-mobile-disabled=\"false\" class=\"elementor-section elementor-inner-section elementor-element elementor-element-be25ca2 elementor-section-boxed elementor-section-height-default elementor-section-height-default\" data-id=\"be25ca2\" data-element_type=\"section\">\n\t\t\t\t\t\t<div class=\"elementor-container elementor-column-gap-default\">\n\t\t\t\t\t<div class=\"elementor-column elementor-col-50 elementor-inner-column elementor-element elementor-element-5d60b09\" data-id=\"5d60b09\" data-element_type=\"column\">\n\t\t\t<div class=\"elementor-widget-wrap elementor-element-populated\">\n\t\t\t\t\t\t\t\t<div id=\"eael-section-tooltip-7e090ae\" class=\"eael-section-tooltip elementor-element elementor-element-7e090ae elementor-button-warning elementor-align-center elementor-widget elementor-widget-button\" data-id=\"7e090ae\" data-element_type=\"widget\" data-settings=\"{&quot;eael_tooltip_section_content&quot;:&quot;Evaluaciones t\\u00e9cnicas&quot;,&quot;eael_tooltip_section_position&quot;:&quot;bottom&quot;,&quot;eael_tooltip_section_animation&quot;:&quot;scale&quot;,&quot;eael_tooltip_section_arrow&quot;:true,&quot;eael_tooltip_section_arrow_type&quot;:&quot;sharp&quot;,&quot;eael_tooltip_section_follow_cursor&quot;:&quot;false&quot;,&quot;eael_tooltip_section_trigger&quot;:&quot;mouseenter&quot;,&quot;eael_tooltip_section_duration&quot;:300,&quot;eael_tooltip_section_delay&quot;:400,&quot;eael_tooltip_section_size&quot;:&quot;regular&quot;}\" data-widget_type=\"button.default\">\n\t\t\n            <script>\n                jQuery(window).on('elementor\/frontend\/init', function() {\n                    var $currentTooltip = '#eael-section-tooltip-7e090ae';\n\n                    if (typeof tippy !== 'undefined') {\n                        tippy($currentTooltip, {\n                            content: 'Evaluaciones t\u00e9cnicas',\n                            placement: 'bottom',\n                            animation: 'scale',\n                            arrow: '1',\n                            arrowType: 'sharp',\n                            duration: '300',\n                            distance: '10',\n                            delay: '400',\n                            size: 'regular',\n                            trigger: 'mouseenter',\n                            animateFill: false,\n                            flip: true,\n                            flipOnUpdate: true,\n                            interactive: true,\n                            flipBehavior: 'flip',\n                            maxWidth: 350,\n                            zIndex: 999,\n                            followCursor:  false ,\n                            onShow(instance) {\n                                var tippyPopper = instance.popper;\n                                jQuery(tippyPopper).attr('data-tippy-popper-id', '7e090ae');\n                            }\n                        });\n                    }\n                });\n            <\/script>\n        \t\t<div class=\"elementor-widget-container\">\n\t\t\t\t\t<div class=\"elementor-button-wrapper\">\n\t\t\t<a class=\"elementor-button elementor-button-link elementor-size-xl\" href=\"https:\/\/vswork.cl\/learninggesta\/pevtec_gesta\/\">\n\t\t\t\t\t\t<span class=\"elementor-button-content-wrapper\">\n\t\t\t\t\t\t<span class=\"elementor-button-icon elementor-align-icon-left\">\n\t\t\t\t<i aria-hidden=\"true\" class=\"fas fa-book\"><\/i>\t\t\t<\/span>\n\t\t\t\t\t\t<span class=\"elementor-button-text\">Ev. T\u00e9cnicas<\/span>\n\t\t<\/span>\n\t\t\t\t\t<\/a>\n\t\t<\/div>\n\t\t\t\t<\/div>\n\t\t\t\t<\/div>\n\t\t\t\t\t<\/div>\n\t\t<\/div>\n\t\t\t\t<div class=\"elementor-column elementor-col-50 elementor-inner-column elementor-element elementor-element-58f457c\" data-id=\"58f457c\" data-element_type=\"column\">\n\t\t\t<div class=\"elementor-widget-wrap elementor-element-populated\">\n\t\t\t\t\t\t\t\t<div id=\"eael-section-tooltip-f136bb2\" class=\"eael-section-tooltip elementor-element elementor-element-f136bb2 elementor-button-warning elementor-align-center elementor-widget elementor-widget-button\" data-id=\"f136bb2\" data-element_type=\"widget\" data-settings=\"{&quot;eael_tooltip_section_content&quot;:&quot;Evaluaci\\u00f3n Psicolaboral&quot;,&quot;eael_tooltip_section_position&quot;:&quot;bottom&quot;,&quot;eael_tooltip_section_animation&quot;:&quot;scale&quot;,&quot;eael_tooltip_section_arrow&quot;:true,&quot;eael_tooltip_section_arrow_type&quot;:&quot;sharp&quot;,&quot;eael_tooltip_section_follow_cursor&quot;:&quot;false&quot;,&quot;eael_tooltip_section_trigger&quot;:&quot;mouseenter&quot;,&quot;eael_tooltip_section_duration&quot;:300,&quot;eael_tooltip_section_delay&quot;:400,&quot;eael_tooltip_section_size&quot;:&quot;regular&quot;}\" data-widget_type=\"button.default\">\n\t\t\n            <script>\n                jQuery(window).on('elementor\/frontend\/init', function() {\n                    var $currentTooltip = '#eael-section-tooltip-f136bb2';\n\n                    if (typeof tippy !== 'undefined') {\n                        tippy($currentTooltip, {\n                            content: 'Evaluaci\u00f3n Psicolaboral',\n                            placement: 'bottom',\n                            animation: 'scale',\n                            arrow: '1',\n                            arrowType: 'sharp',\n                            duration: '300',\n                            distance: '10',\n                            delay: '400',\n                            size: 'regular',\n                            trigger: 'mouseenter',\n                            animateFill: false,\n                            flip: true,\n                            flipOnUpdate: true,\n                            interactive: true,\n                            flipBehavior: 'flip',\n                            maxWidth: 350,\n                            zIndex: 999,\n                            followCursor:  false ,\n                            onShow(instance) {\n                                var tippyPopper = instance.popper;\n                                jQuery(tippyPopper).attr('data-tippy-popper-id', 'f136bb2');\n                            }\n                        });\n                    }\n                });\n            <\/script>\n        \t\t<div class=\"elementor-widget-container\">\n\t\t\t\t\t<div class=\"elementor-button-wrapper\">\n\t\t\t<a class=\"elementor-button elementor-button-link elementor-size-xl\" href=\"https:\/\/vswork.cl\/learninggesta\/inicio_gesta\/\">\n\t\t\t\t\t\t<span class=\"elementor-button-content-wrapper\">\n\t\t\t\t\t\t<span class=\"elementor-button-icon elementor-align-icon-left\">\n\t\t\t\t<i aria-hidden=\"true\" class=\"fas fa-chalkboard-teacher\"><\/i>\t\t\t<\/span>\n\t\t\t\t\t\t<span class=\"elementor-button-text\">Psicolaboral<\/span>\n\t\t<\/span>\n\t\t\t\t\t<\/a>\n\t\t<\/div>\n\t\t\t\t<\/div>\n\t\t\t\t<\/div>\n\t\t\t\t\t<\/div>\n\t\t<\/div>\n\t\t\t\t\t\t\t<\/div>\n\t\t<\/section>\n\t\t\t\t\t<\/div>\n\t\t<\/div>\n\t\t\t\t\t\t\t<\/div>\n\t\t<\/section>\n\t\t\t\t<section data-particle_enable=\"false\" data-particle-mobile-disabled=\"false\" class=\"elementor-section elementor-top-section elementor-element elementor-element-7274a41 elementor-section-boxed elementor-section-height-default elementor-section-height-default\" data-id=\"7274a41\" data-element_type=\"section\">\n\t\t\t\t\t\t<div class=\"elementor-container elementor-column-gap-default\">\n\t\t\t\t\t<div class=\"elementor-column elementor-col-100 elementor-top-column elementor-element elementor-element-3c760aa\" data-id=\"3c760aa\" data-element_type=\"column\">\n\t\t\t<div class=\"elementor-widget-wrap elementor-element-populated\">\n\t\t\t\t\t\t\t\t<div class=\"elementor-element elementor-element-7acc3ed elementor-widget elementor-widget-spacer\" data-id=\"7acc3ed\" data-element_type=\"widget\" data-widget_type=\"spacer.default\">\n\t\t\t\t<div class=\"elementor-widget-container\">\n\t\t\t\t\t<div class=\"elementor-spacer\">\n\t\t\t<div class=\"elementor-spacer-inner\"><\/div>\n\t\t<\/div>\n\t\t\t\t<\/div>\n\t\t\t\t<\/div>\n\t\t\t\t\t<\/div>\n\t\t<\/div>\n\t\t\t\t\t\t\t<\/div>\n\t\t<\/section>\n\t\t\t\t<section data-particle_enable=\"false\" data-particle-mobile-disabled=\"false\" class=\"elementor-section elementor-top-section elementor-element elementor-element-ee8116e elementor-section-boxed elementor-section-height-default elementor-section-height-default\" data-id=\"ee8116e\" data-element_type=\"section\">\n\t\t\t\t\t\t<div class=\"elementor-container elementor-column-gap-default\">\n\t\t\t\t\t<div class=\"elementor-column elementor-col-100 elementor-top-column elementor-element elementor-element-e400cba\" data-id=\"e400cba\" data-element_type=\"column\">\n\t\t\t<div class=\"elementor-widget-wrap elementor-element-populated\">\n\t\t\t\t\t\t\t\t<div class=\"elementor-element elementor-element-7f45e2e elementor-widget elementor-widget-spacer\" data-id=\"7f45e2e\" data-element_type=\"widget\" data-widget_type=\"spacer.default\">\n\t\t\t\t<div class=\"elementor-widget-container\">\n\t\t\t\t\t<div class=\"elementor-spacer\">\n\t\t\t<div class=\"elementor-spacer-inner\"><\/div>\n\t\t<\/div>\n\t\t\t\t<\/div>\n\t\t\t\t<\/div>\n\t\t\t\t\t<\/div>\n\t\t<\/div>\n\t\t\t\t\t\t\t<\/div>\n\t\t<\/section>\n\t\t\t\t\t\t\t<\/div>\n\t\t","protected":false},"excerpt":{"rendered":"<p>Evaluaciones Reclutamiento y Selecci\u00f3n GESTA Debes seleccionar el tipo de evaluaci\u00f3n que requieras realizar: Ev. T\u00e9cnicas Psicolaboral<\/p>\n","protected":false},"author":1,"featured_media":0,"parent":0,"menu_order":0,"comment_status":"closed","ping_status":"closed","template":"","meta":[],"_links":{"self":[{"href":"https:\/\/vswork.cl\/learninggesta\/wp-json\/wp\/v2\/pages\/525"}],"collection":[{"href":"https:\/\/vswork.cl\/learninggesta\/wp-json\/wp\/v2\/pages"}],"about":[{"href":"https:\/\/vswork.cl\/learninggesta\/wp-json\/wp\/v2\/types\/page"}],"author":[{"embeddable":true,"href":"https:\/\/vswork.cl\/learninggesta\/wp-json\/wp\/v2\/users\/1"}],"replies":[{"embeddable":true,"href":"https:\/\/vswork.cl\/learninggesta\/wp-json\/wp\/v2\/comments?post=525"}],"version-history":[{"count":13,"href":"https:\/\/vswork.cl\/learninggesta\/wp-json\/wp\/v2\/pages\/525\/revisions"}],"predecessor-version":[{"id":746,"href":"https:\/\/vswork.cl\/learninggesta\/wp-json\/wp\/v2\/pages\/525\/revisions\/746"}],"wp:attachment":[{"href":"https:\/\/vswork.cl\/learninggesta\/wp-json\/wp\/v2\/media?parent=525"}],"curies":[{"name":"wp","href":"https:\/\/api.w.org\/{rel}","templated":true}]}}